{"id":646,"date":"2024-10-29T16:47:34","date_gmt":"2024-10-29T15:47:34","guid":{"rendered":"https:\/\/gifted-project.com\/?page_id=646"},"modified":"2024-11-29T13:02:34","modified_gmt":"2024-11-29T12:02:34","slug":"gifted-network","status":"publish","type":"page","link":"https:\/\/gifted-project.com\/ro\/gifted-network\/","title":{"rendered":"GIFTED Network"},"content":{"rendered":"<p><\/p>\n<div style=\"padding: 16px;\">\n<div style=\"margin-bottom: 16px; padding: 12px; background-color: #ffffff; border: 1px solid #1058AF; border-radius: 8px;\">\n<p style=\"text-align: left;\">Aceast\u0103 pagin\u0103 ofer\u0103 o prezentare general\u0103 a re\u021belei Gifted Network, o list\u0103 cuprinz\u0103toare a \u0219colilor, universit\u0103\u021bilor, asocia\u021biilor \u0219i municipalit\u0103\u021bilor care au luat parte la faza pilot a platformei online.<br \/>\nAceast\u0103 resurs\u0103 detaliaz\u0103 fiecare institu\u021bie participant\u0103, ar\u0103t\u00e2nd diversitatea \u0219i amploarea implic\u0103rii organiza\u021biilor educa\u021bionale \u0219i comunitare \u00een timpul perioadei de testare.<\/p>\n<\/p><\/div>\n<\/p><\/div>\n<div style=\"max-width: fit-content; margin-top:1px; margin-bottom: 50px; margin-left:auto; margin-right:auto; \">\n<div style=\"padding: 16px; background-color: #f3f3f3;\">\n<div style=\"margin-bottom: 16px; padding: 12px; background: #ffffff; border: 1px solid #ddd; border-radius: 8px;\">\n<h2 style=\"margin: 0; font-size: 1.1rem; color: #2c2450;\">IC. Perlasca<\/h2>\n<p style=\"margin: 4px 0; font-size: 0.9rem; color: #333;\">Stefano Gargioni Via Poletti 65, Ferrara<\/p>\n<p style=\"margin: 4px 0; font-size: 0.9rem; color: #333;\"><strong>Director de \u0219coal\u0103:<\/strong> Stefano Gargioni<\/p>\n<p>    <a style=\"color: #007bff; text-decoration: none;\" href=\"https:\/\/icperlasca-fe.edu.it\/\">https:\/\/icperlasca-fe.edu.it\/<\/a><\/div>\n<div style=\"margin-bottom: 16px; padding: 12px; background: #ffffff; border: 1px solid #ddd; border-radius: 8px;\">\n<h2 style=\"margin: 0; font-size: 1.1rem; color: #2c2450;\">IC. Preti<\/h2>\n<p style=\"margin: 4px 0; font-size: 0.9rem; color: #333;\">Via Molise 1\/B, Catanzaro<\/p>\n<p style=\"margin: 4px 0; font-size: 0.9rem; color: #333;\"><strong>Director de \u0219coal\u0103:<\/strong> Michela Adduci<\/p>\n<p>    <a style=\"color: #007bff; text-decoration: none;\" href=\"https:\/\/www.icmattiapreti.edu.it\/\">hhttps:\/\/www.icmattiapreti.edu.it\/<\/a><\/div>\n<div style=\"margin-bottom: 16px; padding: 12px; background: #ffffff; border: 1px solid #ddd; border-radius: 8px;\">\n<h2 style=\"margin: 0; font-size: 1.1rem; color: #2c2450;\">IC. Falcone<\/h2>\n<p style=\"margin: 4px 0; font-size: 0.9rem; color: #333;\">Via Garibaldi 19, Grottaferrata (RM)<\/p>\n<p style=\"margin: 4px 0; font-size: 0.9rem; color: #333;\"><strong>Director de \u0219coal\u0103:<\/strong> Francesca Nardi<\/p>\n<p>    <a href=\"https:\/\/www.icgfalcone.edu.it\/\">https:\/\/www.icgfalcone.edu.it\/<\/a><\/div>\n<div style=\"margin-bottom: 16px; padding: 12px; background: #ffffff; border: 1px solid #ddd; border-radius: 8px;\">\n<h2 style=\"margin: 0; font-size: 1.1rem; color: #2c2450;\">Quarto Circolo Didattico<\/h2>\n<p style=\"margin: 4px 0; font-size: 0.9rem; color: #333;\">Strada Farnesiana 32, Piacenza<\/p>\n<p style=\"margin: 4px 0; font-size: 0.9rem; color: #333;\"><strong>Director de \u0219coal\u0103:<\/strong> Simona Favari<\/p>\n<p>    <a href=\"https:\/\/www.4circolopc.edu.it\/\">https:\/\/www.4circolopc.edu.it\/<\/a><\/div>\n<div style=\"margin-bottom: 16px; padding: 12px; background: #ffffff; border: 1px solid #ddd; border-radius: 8px;\">\n<h2 style=\"margin: 0; font-size: 1.1rem; color: #2c2450;\">Istituto G. Neri<\/h2>\n<p style=\"margin: 4px 0; font-size: 0.9rem; color: #333;\">Via Rosmini 5, Pogliano Milanese (MI)<\/p>\n<p style=\"margin: 4px 0; font-size: 0.9rem; color: #333;\"><strong>Director de \u0219coal\u0103:<\/strong> Raffaella Colombo<\/p>\n<p>    <a href=\"https:\/\/www.istitutogiuseppeneri.org\/\">https:\/\/www.istitutogiuseppeneri.org\/<\/a><\/div>\n<div style=\"margin-bottom: 16px; padding: 12px; background: #ffffff; border: 1px solid #ddd; border-radius: 8px;\">\n<h2 style=\"margin: 0; font-size: 1.1rem; color: #2c2450;\">IC via Angelini<\/h2>\n<p style=\"margin: 4px 0; font-size: 0.9rem; color: #333;\">Via Angelini 9, Pavia<\/p>\n<p style=\"margin: 4px 0; font-size: 0.9rem; color: #333;\"><strong>Director de \u0219coal\u0103:<\/strong> Marina Ascari<\/p>\n<p>    <a href=\"https:\/\/www.icdiviaangelini.edu.it\/\">https:\/\/www.icdiviaangelini.edu.it\/<\/a><\/div>\n<div style=\"margin-bottom: 16px; padding: 12px; background: #ffffff; border: 1px solid #ddd; border-radius: 8px;\">\n<h2 style=\"margin: 0; font-size: 1.1rem; color: #2c2450;\">Primaria Paritaria Sant\u2019Angela<\/h2>\n<p style=\"margin: 4px 0; font-size: 0.9rem; color: #333;\">Via Locatelli 16, Fiorano al Serio (BG)<\/p>\n<p style=\"margin: 4px 0; font-size: 0.9rem; color: #333;\"><strong>Director de \u0219coal\u0103:<\/strong> Suor Anna Galizzi<\/p>\n<p>    <a href=\"https:\/\/www.santangela.info\/\">https:\/\/www.santangela.info\/<\/a><\/div>\n<div style=\"margin-bottom: 16px; padding: 12px; background: #ffffff; border: 1px solid #ddd; border-radius: 8px;\">\n<h2 style=\"margin: 0; font-size: 1.1rem; color: #2c2450;\">IC. Vidigulfo <\/h2>\n<p style=\"margin: 4px 0; font-size: 0.9rem; color: #333;\">Via Marconi 12\/A, Vidigulfo (PV)<\/p>\n<p style=\"margin: 4px 0; font-size: 0.9rem; color: #333;\"><strong>Director de \u0219coal\u0103:<\/strong> Micaela Prina<\/p>\n<p>    <a href=\"https:\/\/www.icvidigulfo.edu.it\/\">https:\/\/www.icvidigulfo.edu.it\/<\/a><\/div>\n<div style=\"margin-bottom: 16px; padding: 12px; background: #ffffff; border: 1px solid #ddd; border-radius: 8px;\">\n<h2 style=\"margin: 0; font-size: 1.1rem; color: #2c2450;\">IC. Verano Brianza <\/h2>\n<p style=\"margin: 4px 0; font-size: 0.9rem; color: #333;\">Via Sauro 30, Verano Brianza (MB)<\/p>\n<p style=\"margin: 4px 0; font-size: 0.9rem; color: #333;\"><strong>Director de \u0219coal\u0103:<\/strong> Giuseppe Scaglione <\/p>\n<p>    <a href=\"https:\/\/www.scuoleverano.edu.it\/\">https:\/\/www.scuoleverano.edu.it\/<\/a><\/div>\n<div style=\"margin-bottom: 16px; padding: 12px; background: #ffffff; border: 1px solid #ddd; border-radius: 8px;\">\n<h2 style=\"margin: 0; font-size: 1.1rem; color: #2c2450;\">IICD Garibaldi (Bari) <\/h2>\n<p style=\"margin: 4px 0; font-size: 0.9rem; color: #333;\">Via Ofanto 21, Altamura (BA)<\/p>\n<p style=\"margin: 4px 0; font-size: 0.9rem; color: #333;\"><strong>Director de \u0219coal\u0103:<\/strong> Paola Fiora<\/p>\n<p>    <a href=\"https:\/\/www.garibaldialtamura.edu.it\/\">https:\/\/www.garibaldialtamura.edu.it\/<\/a><\/div>\n<div style=\"margin-bottom: 16px; padding: 12px; background: #ffffff; border: 1px solid #ddd; border-radius: 8px;\">\n<h2 style=\"margin: 0; font-size: 1.1rem; color: #2c2450;\">Europ\u00e4ische Schule M\u00fcnchen<\/h2>\n<p style=\"margin: 4px 0; font-size: 0.9rem; color: #333;\">Munich<\/p>\n<p style=\"margin: 4px 0; font-size: 0.9rem; color: #333;\"><strong>Director de \u0219coal\u0103:<\/strong> Simona Cajhen<\/p>\n<p>    <a href=\"https:\/\/esmunich.de\/en\/home.html\">https:\/\/esmunich.de\/en\/home.html<\/a><\/div>\n<div style=\"margin-bottom: 16px; padding: 12px; background: #ffffff; border: 1px solid #ddd; border-radius: 8px;\">\n<h2 style=\"margin: 0; font-size: 1.1rem; color: #2c2450;\">Izvor<\/h2>\n<p style=\"margin: 4px 0; font-size: 0.9rem; color: #333;\">Gustava Krkleca 2, 10430 Samobor, Croatia<\/p>\n<p style=\"margin: 4px 0; font-size: 0.9rem; color: #333;\"><strong>Director de \u0219coal\u0103:<\/strong> Martina Tro\u0161elj<\/p>\n<p>    <a href=\"https:\/\/www.vrtic-izvor-samobor.hr\/\">https:\/\/www.vrtic-izvor-samobor.hr\/<\/a><\/div>\n<div style=\"margin-bottom: 16px; padding: 12px; background: #ffffff; border: 1px solid #ddd; border-radius: 8px;\">\n<h2 style=\"margin: 0; font-size: 1.1rem; color: #2c2450;\">Sun\u010dana<\/h2>\n<p style=\"margin: 4px 0; font-size: 0.9rem; color: #333;\">Dje\u010dji trg 2, 10090 Zagreb, Croatia<\/p>\n<p style=\"margin: 4px 0; font-size: 0.9rem; color: #333;\"><strong>Director de \u0219coal\u0103:<\/strong> Jasminka Dole\u017eal<\/p>\n<p>    <a href=\"https:\/\/vrtic-suncana.zagreb.hr\/default.aspx?id=6\">https:\/\/vrtic-suncana.zagreb.hr\/default.aspx?id=6<\/a><\/div>\n<div style=\"margin-bottom: 16px; padding: 12px; background: #ffffff; border: 1px solid #ddd; border-radius: 8px;\">\n<h2 style=\"margin: 0; font-size: 1.1rem; color: #2c2450;\">Grigor Vitez<\/h2>\n<p style=\"margin: 4px 0; font-size: 0.9rem; color: #333;\">Perkov\u010deva 88\/1, Samobor, Croatia<\/p>\n<p style=\"margin: 4px 0; font-size: 0.9rem; color: #333;\"><strong>Director de \u0219coal\u0103:<\/strong> Josipa Milakovi\u0107<\/p>\n<p>    <a href=\"https:\/\/www.djecji-vrtic-grigor-vitez.hr\/\">https:\/\/www.djecji-vrtic-grigor-vitez.hr\/<\/a><\/div>\n<div style=\"margin-bottom: 16px; padding: 12px; background: #ffffff; border: 1px solid #ddd; border-radius: 8px;\">\n<h2 style=\"margin: 0; font-size: 1.1rem; color: #2c2450;\">Mavrica<\/h2>\n<p style=\"margin: 4px 0; font-size: 0.9rem; color: #333;\">\u0160olska 1, Bre\u017eice, Slovenija<\/p>\n<p style=\"margin: 4px 0; font-size: 0.9rem; color: #333;\"><strong>Director de \u0219coal\u0103:<\/strong> Silvija Komo\u010dar<\/p>\n<p>    <a href=\"https:\/\/www.v-mavrica.si\/\">https:\/\/www.v-mavrica.si\/<\/a><\/div>\n<div style=\"margin-bottom: 16px; padding: 12px; background: #ffffff; border: 1px solid #ddd; border-radius: 8px;\">\n<h2 style=\"margin: 0; font-size: 1.1rem; color: #2c2450;\">Medve\u0161\u010dak<\/h2>\n<p style=\"margin: 4px 0; font-size: 0.9rem; color: #333;\">Vo\u0107arska 69, 10000 Zagreb<\/p>\n<p style=\"margin: 4px 0; font-size: 0.9rem; color: #333;\"><strong>Director de \u0219coal\u0103:<\/strong> Sanda Smajli<\/p>\n<p>    <a href=\"https:\/\/vrtic-medvescak.zagreb.hr\/default.aspx?id=7\">https:\/\/vrtic-medvescak.zagreb.hr\/default.aspx?id=7<\/a><\/div>\n<div style=\"margin-bottom: 16px; padding: 12px; background: #ffffff; border: 1px solid #ddd; border-radius: 8px;\">\n<h2 style=\"margin: 0; font-size: 1.1rem; color: #2c2450;\">Slavuj<\/h2>\n<p style=\"margin: 4px 0; font-size: 0.9rem; color: #333;\">Obrtni\u010dka 12, Strmec, Croatia <\/p>\n<p style=\"margin: 4px 0; font-size: 0.9rem; color: #333;\"><strong>Director de \u0219coal\u0103:<\/strong> Karmela Jozi\u0107<\/p>\n<p>    <a href=\"https:\/\/www.dvslavuj.hr\/\">https:\/\/www.dvslavuj.hr\/<\/a><\/div>\n<div style=\"margin-bottom: 16px; padding: 12px; background: #ffffff; border: 1px solid #ddd; border-radius: 8px;\">\n<h2 style=\"margin: 0; font-size: 1.1rem; color: #2c2450;\">Elementary school Vinko \u017dganec<\/h2>\n<p style=\"margin: 4px 0; font-size: 0.9rem; color: #333;\">Nede Krmpoti\u0107 7, 10000 Zagreb, Croatia<\/p>\n<p style=\"margin: 4px 0; font-size: 0.9rem; color: #333;\"><strong>Director de \u0219coal\u0103:<\/strong> Renata Cindri\u0107<\/p>\n<p>    <a href=\"http:\/\/os-vzganca-zg.skole.hr\/\">http:\/\/os-vzganca-zg.skole.hr\/<\/a><\/div>\n<div style=\"margin-bottom: 16px; padding: 12px; background: #ffffff; border: 1px solid #ddd; border-radius: 8px;\">\n<h2 style=\"margin: 0; font-size: 1.1rem; color: #2c2450;\">Elementary school Ivo Andri\u0107<\/h2>\n<p style=\"margin: 4px 0; font-size: 0.9rem; color: #333;\">Milovana Kova\u010devi\u0107a 18 10020 Zagreb<\/p>\n<p style=\"margin: 4px 0; font-size: 0.9rem; color: #333;\"><strong>Director de \u0219coal\u0103:<\/strong> Dubravka Miklec<\/p>\n<p>    <a href=\"https:\/\/os-iandrica-zg.skole.hr\/\">https:\/\/os-iandrica-zg.skole.hr\/<\/a><\/div>\n<div style=\"margin-bottom: 16px; padding: 12px; background: #ffffff; border: 1px solid #ddd; border-radius: 8px;\">\n<h2 style=\"margin: 0; font-size: 1.1rem; color: #2c2450;\">Elementary school Samobor<\/h2>\n<p style=\"margin: 4px 0; font-size: 0.9rem; color: #333;\">Stra\u017eni\u010dka 14, Samobor, Croatia<\/p>\n<p style=\"margin: 4px 0; font-size: 0.9rem; color: #333;\"><strong>Director de \u0219coal\u0103:<\/strong> Igor Tur\u010dek<\/p>\n<p>    <a href=\"http:\/\/os-samobor.skole.hr\/skola\/kontakti\">http:\/\/os-samobor.skole.hr\/skola\/kontakti<\/a><\/div>\n<div style=\"margin-bottom: 16px; padding: 12px; background: #ffffff; border: 1px solid #ddd; border-radius: 8px;\">\n<h2 style=\"margin: 0; font-size: 1.1rem; color: #2c2450;\">Sibiu County School Inspectorate<\/h2>\n<p style=\"margin: 4px 0; font-size: 0.9rem; color: #333;\">Strada Lucian Blaga 26, Sibiu 557260<\/p>\n<p style=\"margin: 4px 0; font-size: 0.9rem; color: #333;\"><strong>Director de \u0219coal\u0103:<\/strong> Novac Emilian-Marius<\/p>\n<p>    <a href=\"https:\/\/sbisj.ro\/\">https:\/\/sbisj.ro\/<\/a><\/div>\n<div style=\"margin-bottom: 16px; padding: 12px; background: #ffffff; border: 1px solid #ddd; border-radius: 8px;\">\n<h2 style=\"margin: 0; font-size: 1.1rem; color: #2c2450;\">Secondary School no. 21 Sibiu<\/h2>\n<p style=\"margin: 4px 0; font-size: 0.9rem; color: #333;\">Strada Luptei 27, Sibiu 550362<\/p>\n<p style=\"margin: 4px 0; font-size: 0.9rem; color: #333;\"><strong>Director de \u0219coal\u0103:<\/strong> Solomon Violeta Hortensia<\/p>\n<p>    <a href=\"https:\/\/www.sc21sb.ro\/contact\/\">https:\/\/www.sc21sb.ro\/contact\/<\/a><\/div>\n<\/p><\/div>\n<\/p><\/div>\n<p><\/p>","protected":false},"excerpt":{"rendered":"<p>Aceast\u0103 pagin\u0103 ofer\u0103 o prezentare general\u0103 a re\u021belei Gifted Network, o list\u0103 cuprinz\u0103toare a \u0219colilor, universit\u0103\u021bilor, asocia\u021biilor \u0219i municipalit\u0103\u021bilor care au luat parte la faza pilot a platformei online. Aceast\u0103 resurs\u0103 detaliaz\u0103 fiecare institu\u021bie participant\u0103, ar\u0103t\u00e2nd diversitatea \u0219i amploarea implic\u0103rii organiza\u021biilor educa\u021bionale \u0219i comunitare \u00een timpul perioadei de testare. IC. Perlasca Stefano Gargioni Via Poletti [&hellip;]<\/p>\n","protected":false},"author":4,"featured_media":0,"parent":0,"menu_order":0,"comment_status":"closed","ping_status":"open","template":"","meta":[],"acf":[],"_links":{"self":[{"href":"https:\/\/gifted-project.com\/ro\/wp-json\/wp\/v2\/pages\/646"}],"collection":[{"href":"https:\/\/gifted-project.com\/ro\/wp-json\/wp\/v2\/pages"}],"about":[{"href":"https:\/\/gifted-project.com\/ro\/wp-json\/wp\/v2\/types\/page"}],"author":[{"embeddable":true,"href":"https:\/\/gifted-project.com\/ro\/wp-json\/wp\/v2\/users\/4"}],"replies":[{"embeddable":true,"href":"https:\/\/gifted-project.com\/ro\/wp-json\/wp\/v2\/comments?post=646"}],"version-history":[{"count":73,"href":"https:\/\/gifted-project.com\/ro\/wp-json\/wp\/v2\/pages\/646\/revisions"}],"predecessor-version":[{"id":783,"href":"https:\/\/gifted-project.com\/ro\/wp-json\/wp\/v2\/pages\/646\/revisions\/783"}],"wp:attachment":[{"href":"https:\/\/gifted-project.com\/ro\/wp-json\/wp\/v2\/media?parent=646"}],"curies":[{"name":"wp","href":"https:\/\/api.w.org\/{rel}","templated":true}]}}