{"id":659,"date":"2024-10-29T12:08:08","date_gmt":"2024-10-29T11:08:08","guid":{"rendered":"https:\/\/gifted-project.com\/?page_id=659"},"modified":"2024-11-21T16:55:23","modified_gmt":"2024-11-21T15:55:23","slug":"manual","status":"publish","type":"page","link":"https:\/\/gifted-project.com\/pt\/manual\/","title":{"rendered":"Manual"},"content":{"rendered":"<p><\/p>\r\n<div style=\"padding: 16px;\">\r\n<div style=\"margin-bottom: 16px; padding: 12px; background-color: #ffffff; border: 1px solid #1058AF; border-radius: 8px;\">\r\n<p style=\"text-align: left;\">Bem-vindo \u00e0 p\u00e1gina que cont\u00e9m o manual de forma\u00e7\u00e3o GIFTED organizado e produzido pelo cons\u00f3rcio GIFTED sobre a metodologia de trabalho com crian\u00e7as sobredotadas na sala de aula.<br \/>Abaixo pode descarregar uma vers\u00e3o do manual de forma\u00e7\u00e3o composto por extratos dos v\u00e1rios cap\u00edtulos em todas as l\u00ednguas do projeto.<\/p>\r\n<p style=\"text-align: left;\">Para aceder ao manual de forma\u00e7\u00e3o completo, registe-se na <strong>plataforma de forma\u00e7\u00e3o Gifted Online <a href=\"https:\/\/gifted.grifomultimedia.eu\/\" target=\"_blank\">aqui<\/a><\/strong>.<\/p>\r\n<\/div>\r\n<\/div>\r\n<style>\n    .wpdmdt-toolbar {\n        padding: 10px 10px 0 10px;\n    }\n    .wpdmdt-toolbarb {\n        padding: 5px 10px 10px;\n    }\n    .wpdmdt-toolbar > div {\n        display: inline-block;\n    }\n    table,td,th{\n        border: 0;\n    }\n    #wpdm-all-packages .card{\n        overflow: hidden;\n    }\n    .dataTables_wrapper .table{\n        margin: 0;\n    }\n    #wpdmmydls-8e6d8075114f881e77de11b69be89370{\n        border-bottom: 1px solid #dddddd;\n        border-top: 1px solid #dddddd;\n        font-size: 10pt;\n        min-width: 100%;\n    }\n    #wpdmmydls-8e6d8075114f881e77de11b69be89370 .wpdm-download-link img{\n        box-shadow: none !important;\n        max-width: 100%;\n    }\n    .w3eden .pagination{\n        margin: 0 !important;\n    }\n    #wpdmmydls-8e6d8075114f881e77de11b69be89370 td:not(:first-child){\n        vertical-align: middle !important;\n    }\n    #wpdmmydls-8e6d8075114f881e77de11b69be89370 td.__dt_col_download_link .btn{\n        display: block;\n        width: 100%;\n    }\n    #wpdmmydls-8e6d8075114f881e77de11b69be89370 td.__dt_col_download_link,\n    #wpdmmydls-8e6d8075114f881e77de11b69be89370 th#download_link{\n        max-width: 155px !important;\n        width: 155px;\n\n    }\n    #wpdmmydls-8e6d8075114f881e77de11b69be89370 th{\n        background-color: rgba(0,0,0,0.04);\n        border-bottom: 1px solid rgba(0,0,0,0.025);\n    }\n    #wpdmmydls-8e6d8075114f881e77de11b69be89370_length label,\n    #wpdmmydls-8e6d8075114f881e77de11b69be89370_filter label{\n        font-weight: 400;\n    }\n    #wpdmmydls-8e6d8075114f881e77de11b69be89370_filter input[type=search]{\n        display: inline-block;\n        width: 200px;\n    }\n    #wpdmmydls-8e6d8075114f881e77de11b69be89370_length select{\n        display: inline-block;\n        width: 60px;\n    }\n\n    #wpdmmydls-8e6d8075114f881e77de11b69be89370 .package-title{\n        color:#36597C;\n        font-size: 11pt;\n        font-weight: 700;\n    }\n    #wpdmmydls-8e6d8075114f881e77de11b69be89370 .small-txt{\n        margin-right: 7px;\n    }\n    #wpdmmydls-8e6d8075114f881e77de11b69be89370 td{\n        min-width: 150px;\n    }\n\n    #wpdmmydls-8e6d8075114f881e77de11b69be89370 td.__dt_col_categories{\n        max-width: 300px;\n    }\n\n    #wpdmmydls-8e6d8075114f881e77de11b69be89370 .small-txt,\n    #wpdmmydls-8e6d8075114f881e77de11b69be89370 small{\n        font-size: 9pt;\n    }\n    .w3eden .table-striped tbody tr:nth-of-type(2n+1) {\n        background-color: rgba(0,0,0,0.015);\n    }\n    .dataTables_wrapper .dataTables_paginate .paginate_button:active,\n    .dataTables_wrapper .dataTables_paginate .paginate_button:focus,\n    .dataTables_wrapper .dataTables_paginate .paginate_button:hover,\n    .dataTables_wrapper .dataTables_paginate .paginate_button{\n        margin: 0 !important;\n        padding: 0 !important;\n        border: 0 !important;\n        background: transparent !important;\n    }\n\n\n    @media (max-width: 799px) {\n        #wpdmmydls-8e6d8075114f881e77de11b69be89370 tr {\n            display: block;\n            border: 3px solid rgba(0,0,0,0.3) !important;\n            margin-bottom: 10px !important;\n            position: relative;\n        }\n        #wpdmmydls-8e6d8075114f881e77de11b69be89370 thead{\n            display: none;\n        }\n        #wpdmmydls-8e6d8075114f881e77de11b69be89370,\n        #wpdmmydls-8e6d8075114f881e77de11b69be89370 td:first-child {\n            border: 0 !important;\n        }\n        #wpdmmydls-8e6d8075114f881e77de11b69be89370 td {\n            display: block;\n        }\n        #wpdmmydls-8e6d8075114f881e77de11b69be89370 td.__dt_col_download_link {\n            display: block;\n            max-width: 100% !important;\n            width: auto !important;\n\n        }\n    }\n\n\n<\/style>\n<div class=\"w3eden\">\n    <div id=\"wpdm-all-packages\">\n        <table id=\"wpdmmydls-8e6d8075114f881e77de11b69be89370\" class=\"table table-striped wpdm-all-packages-table\">\n            <thead>\n            <tr>\n                                <th style=\"\"  id=\"title\" class=\"\">T\u00edtulo<\/th>\n                                <th style=\"width: 200px !important;max-width: 200px !important;\"  id=\"downloadlink\" class=\"hidden-sm hidden-xs\">Abrir<\/th>\n                \n            <\/tr>\n            <\/thead>\n            <tbody>\n            \n                    <tr class=\"__dt_row\">\n                                                <td  class=\"__dt_col_0 __dt_col __dt_col_title\" style=\"background-image: url('https:\/\/cdn3.iconfinder.com\/data\/icons\/file-extension-names-vol-3-2\/512\/20-1024.png');background-size: 36px;background-position: 5px 8px;background-repeat:  no-repeat;padding-left: 52px;line-height: normal;\">\n                            <strong>GIFTED EXTRATO DO MANUAL &#8211; ROMENO<\/strong><br\/><div class=\"hidden-md hidden-lg td-mobile\"><\/div>\n\n                        <\/td>\n                                                <td  class=\"__dt_col_1 __dt_col __dt_col_download_link\" >\n                            <a class='wpdm-download-link download-on-click btn btn-primary ' rel='nofollow' href='#' data-downloadurl=\"https:\/\/gifted-project.com\/pt\/download\/gifted-training-manual-english-5\/?wpdmdl=678&refresh=69ee41c5a9d5f1777222085\">Abrir<\/a>\n\n                        <\/td>\n                        \n                    <\/tr>\n                \n                    <tr class=\"__dt_row\">\n                                                <td  class=\"__dt_col_0 __dt_col __dt_col_title\" style=\"background-image: url('https:\/\/cdn3.iconfinder.com\/data\/icons\/file-extension-names-vol-3-2\/512\/20-1024.png');background-size: 36px;background-position: 5px 8px;background-repeat:  no-repeat;padding-left: 52px;line-height: normal;\">\n                            <strong>GIFTED EXTRATO DO MANUAL &#8211; \u00c1RABE<\/strong><br\/><div class=\"hidden-md hidden-lg td-mobile\"><\/div>\n\n                        <\/td>\n                                                <td  class=\"__dt_col_1 __dt_col __dt_col_download_link\" >\n                            <a class='wpdm-download-link download-on-click btn btn-primary ' rel='nofollow' href='#' data-downloadurl=\"https:\/\/gifted-project.com\/pt\/download\/gifted-training-manual-english-4\/?wpdmdl=677&refresh=69ee41c5aab521777222085\">Abrir<\/a>\n\n                        <\/td>\n                        \n                    <\/tr>\n                \n                    <tr class=\"__dt_row\">\n                                                <td  class=\"__dt_col_0 __dt_col __dt_col_title\" style=\"background-image: url('https:\/\/cdn3.iconfinder.com\/data\/icons\/file-extension-names-vol-3-2\/512\/20-1024.png');background-size: 36px;background-position: 5px 8px;background-repeat:  no-repeat;padding-left: 52px;line-height: normal;\">\n                            <strong>GIFTED EXTRATO DO MANUAL &#8211; CROATA<\/strong><br\/><div class=\"hidden-md hidden-lg td-mobile\"><\/div>\n\n                        <\/td>\n                                                <td  class=\"__dt_col_1 __dt_col __dt_col_download_link\" >\n                            <a class='wpdm-download-link download-on-click btn btn-primary ' rel='nofollow' href='#' data-downloadurl=\"https:\/\/gifted-project.com\/pt\/download\/gifted-training-manual-english-3\/?wpdmdl=676&refresh=69ee41c5ab9291777222085\">Abrir<\/a>\n\n                        <\/td>\n                        \n                    <\/tr>\n                \n                    <tr class=\"__dt_row\">\n                                                <td  class=\"__dt_col_0 __dt_col __dt_col_title\" style=\"background-image: url('https:\/\/cdn3.iconfinder.com\/data\/icons\/file-extension-names-vol-3-2\/512\/20-1024.png');background-size: 36px;background-position: 5px 8px;background-repeat:  no-repeat;padding-left: 52px;line-height: normal;\">\n                            <strong>GIFTED EXTRATO DO MANUAL &#8211; PORTUGU\u00caS<\/strong><br\/><div class=\"hidden-md hidden-lg td-mobile\"><\/div>\n\n                        <\/td>\n                                                <td  class=\"__dt_col_1 __dt_col __dt_col_download_link\" >\n                            <a class='wpdm-download-link download-on-click btn btn-primary ' rel='nofollow' href='#' data-downloadurl=\"https:\/\/gifted-project.com\/pt\/download\/gifted-training-manual-english-2\/?wpdmdl=675&refresh=69ee41c5ac7011777222085\">Abrir<\/a>\n\n                        <\/td>\n                        \n                    <\/tr>\n                \n                    <tr class=\"__dt_row\">\n                                                <td  class=\"__dt_col_0 __dt_col __dt_col_title\" style=\"background-image: url('https:\/\/cdn3.iconfinder.com\/data\/icons\/file-extension-names-vol-3-2\/512\/20-1024.png');background-size: 36px;background-position: 5px 8px;background-repeat:  no-repeat;padding-left: 52px;line-height: normal;\">\n                            <strong>GIFTED EXTRATO DO MANUAL &#8211; ITALIANO<\/strong><br\/><div class=\"hidden-md hidden-lg td-mobile\"><\/div>\n\n                        <\/td>\n                                                <td  class=\"__dt_col_1 __dt_col __dt_col_download_link\" >\n                            <a class='wpdm-download-link download-on-click btn btn-primary ' rel='nofollow' href='#' data-downloadurl=\"https:\/\/gifted-project.com\/pt\/download\/gifted-training-manual-english\/?wpdmdl=674&refresh=69ee41c5ad5011777222085\">Abrir<\/a>\n\n                        <\/td>\n                        \n                    <\/tr>\n                \n                    <tr class=\"__dt_row\">\n                                                <td  class=\"__dt_col_0 __dt_col __dt_col_title\" style=\"background-image: url('https:\/\/cdn3.iconfinder.com\/data\/icons\/file-extension-names-vol-3-2\/512\/20-1024.png');background-size: 36px;background-position: 5px 8px;background-repeat:  no-repeat;padding-left: 52px;line-height: normal;\">\n                            <strong>GIFTED EXTRATO DO MANUAL &#8211; INGL\u00caS<\/strong><br\/><div class=\"hidden-md hidden-lg td-mobile\"><\/div>\n\n                        <\/td>\n                                                <td  class=\"__dt_col_1 __dt_col __dt_col_download_link\" >\n                            <a class='wpdm-download-link download-on-click btn btn-primary ' rel='nofollow' href='#' data-downloadurl=\"https:\/\/gifted-project.com\/pt\/download\/test-item\/?wpdmdl=658&refresh=69ee41c5ae3111777222085\">Abrir<\/a>\n\n                        <\/td>\n                        \n                    <\/tr>\n                                        <\/tbody>\n        <\/table>\n\n        <div class='text-center'><ul class='pagination wpdm-pagination pagination-centered text-center'><\/ul><\/div>\n    <\/div>\n<\/div>\n\r\n<p><\/p>","protected":false},"excerpt":{"rendered":"<p>Bem-vindo \u00e0 p\u00e1gina que cont\u00e9m o manual de forma\u00e7\u00e3o GIFTED organizado e produzido pelo cons\u00f3rcio GIFTED sobre a metodologia de trabalho com crian\u00e7as sobredotadas na sala de aula.Abaixo pode descarregar uma vers\u00e3o do manual de forma\u00e7\u00e3o composto por extratos dos v\u00e1rios cap\u00edtulos em todas as l\u00ednguas do projeto. Para aceder ao manual de forma\u00e7\u00e3o completo, [&hellip;]<\/p>\n","protected":false},"author":4,"featured_media":0,"parent":0,"menu_order":0,"comment_status":"closed","ping_status":"open","template":"","meta":[],"acf":[],"_links":{"self":[{"href":"https:\/\/gifted-project.com\/pt\/wp-json\/wp\/v2\/pages\/659"}],"collection":[{"href":"https:\/\/gifted-project.com\/pt\/wp-json\/wp\/v2\/pages"}],"about":[{"href":"https:\/\/gifted-project.com\/pt\/wp-json\/wp\/v2\/types\/page"}],"author":[{"embeddable":true,"href":"https:\/\/gifted-project.com\/pt\/wp-json\/wp\/v2\/users\/4"}],"replies":[{"embeddable":true,"href":"https:\/\/gifted-project.com\/pt\/wp-json\/wp\/v2\/comments?post=659"}],"version-history":[{"count":42,"href":"https:\/\/gifted-project.com\/pt\/wp-json\/wp\/v2\/pages\/659\/revisions"}],"predecessor-version":[{"id":777,"href":"https:\/\/gifted-project.com\/pt\/wp-json\/wp\/v2\/pages\/659\/revisions\/777"}],"wp:attachment":[{"href":"https:\/\/gifted-project.com\/pt\/wp-json\/wp\/v2\/media?parent=659"}],"curies":[{"name":"wp","href":"https:\/\/api.w.org\/{rel}","templated":true}]}}