{"id":3,"date":"2022-01-18T00:16:36","date_gmt":"2022-01-17T23:16:36","guid":{"rendered":"https:\/\/gifted-project.com\/?page_id=3"},"modified":"2022-09-30T14:40:32","modified_gmt":"2022-09-30T12:40:32","slug":"privacy-policy","status":"publish","type":"page","link":"https:\/\/gifted-project.com\/pt\/privacy-policy\/","title":{"rendered":"Privacy policy"},"content":{"rendered":"<p>&nbsp;<\/p>\n<p><strong>INFORMA\u00c7\u00d5ES RELATIVA AO TRATAMENTO DE DADOS PESSOAIS<\/strong><\/p>\n<p>O respons\u00e1vel titular do tratamento de dados pessoais \u00e9 Noah Srl, via Enrica Malcovati 2, 27100 Pavia, NIF: 02733540187 email: <a href=\"mailto:admin@noahealth.it\">admin@noahealth.it<\/a>. O respons\u00e1vel pela gest\u00e3o da plataforma Gifted \u00e9 a Grifo Multimedia Srl com sede em Via G. Galilei, 15 \u2013 70037 Ruvo di Puglia (BA), e-mail: <a href=\"mailto:comunicazione@grifomultimedia.it\">comunicazione@grifomultimedia.it<\/a>.<\/p>\n<p>&nbsp;<\/p>\n<p><strong>OBJETIVO E BASE LEGAL DO PROCESSAMENTO<\/strong><strong>\u00a0<\/strong><\/p>\n<p>Os dados pessoais s\u00e3o processados com os seguintes objetivos:<\/p>\n<ul>\n<li>Registo e utiliza\u00e7\u00e3o da plataforma Gifted . A base legal do processamento \u00e9 a execu\u00e7\u00e3o do contrato de que o interessado seja parte nos termos do artigo 6.\u00ba, n.\u00ba 1, al\u00ednea b) do Regulamento da UE n.\u00ba 679\/2016;<\/li>\n<li>Detectar a experi\u00eancia de utiliza\u00e7\u00e3o das plataformas e servi\u00e7os oferecidos de forma a garantir o bom funcionamento das p\u00e1ginas web e dos seus conte\u00fados. A base legal do tratamento \u00e9 a prossecu\u00e7\u00e3o do interesse leg\u00edtimo do respons\u00e1vel pelo tratamento de dados nos termos do artigo 6.\u00ba, n.\u00ba 1, al\u00ednea f) do Regulamento da UE 679\/2016;<\/li>\n<li>Enviar quaisquer newsletters relacionadas com servi\u00e7os, eventos e not\u00edcias relacionadas com as atividades promovidas pela Gifted. A base legal do tratamento \u00e9 o consentimento expresso do interessado nos termos do artigo 6.\u00ba, n.\u00ba 1, al\u00ednea a), do Regulamento da UE n.\u00ba 679\/2016. O interessado, a qualquer momento, ter\u00e1 a possibilidade de se opor ao envio de tais comunica\u00e7\u00f5es.<\/li>\n<\/ul>\n<p>&nbsp;<\/p>\n<p><strong>DESTINAT\u00c1RIOS DOS DADOS<\/strong><\/p>\n<p>Para a prossecu\u00e7\u00e3o dos objetivos descritos, o Respons\u00e1vel pelos Dados reserva-se o direito de comunicar os dados a terceiros caso tal esteja previsto na legisla\u00e7\u00e3o nacional ou da Uni\u00e3o Europeia, a t\u00edtulo de exemplo:<\/p>\n<ul>\n<li>Os processadores de dados (incluindo Grifo Multimedia Srl para a gest\u00e3o da plataforma Gifted);<\/li>\n<li>Autoridades de supervis\u00e3o e, em geral, entidades p\u00fablicas ou privadas, com fun\u00e7\u00f5es de import\u00e2ncia p\u00fablica;<\/li>\n<li>Empresas profissionais ou sociedades no \u00e2mbito de rela\u00e7\u00f5es de assist\u00eancia e consultadoria;<\/li>\n<li>Indiv\u00edduos que realizam o controlo dos dados, revis\u00e3o e certifica\u00e7\u00e3o das atividades realizadas pelo Controlador de Dados.<\/li>\n<\/ul>\n<p>Os dados pessoais fornecidos pelo interessados n\u00e3o ser\u00e3o divulgados.<\/p>\n<p>&nbsp;<\/p>\n<p><strong>PER\u00cdODO DE CONSERVA\u00c7\u00c3O DOS DADOS<\/strong><\/p>\n<p>Os dados pessoais ser\u00e3o conservados pelo per\u00edodo de tempo necess\u00e1rio para atingir as finalidades para as quais s\u00e3o recolhidos e tratados ou at\u00e9 que seja solicitada a sua elimina\u00e7\u00e3o.<\/p>\n<p>Os dados fornecidos pelo interessado e relativos \u00e0 finalidade contratual, ser\u00e3o tratados durante toda a dura\u00e7\u00e3o da rela\u00e7\u00e3o contratual existente e posteriormente armazenados exclusivamente pelo per\u00edodo previsto para o cumprimento das obriga\u00e7\u00f5es legais, desde que n\u00e3o seja necess\u00e1rio mant\u00ea-los al\u00e9m de apurar, exercer ou defender um direito em ju\u00edzo.<\/p>\n<p>Os dados relativos \u00e0s comunica\u00e7\u00f5es comerciais ser\u00e3o conservados por um per\u00edodo n\u00e3o superior a 24 meses a partir do seu registo.<\/p>\n<p>&nbsp;<\/p>\n<p><strong>DIREITOS DO INTERESSADO<\/strong><\/p>\n<p>O interessado tem o direito de revogar a qualquer momento o consentimento dado, sem preju\u00edzo da licitude do tratamento com base no consentimento dado antes da revoga\u00e7\u00e3o, para aceder aos dados pessoais, para obter a sua retifica\u00e7\u00e3o ou cancelamento, a limita\u00e7\u00e3o do tratamento de dados pessoais que lhe digam respeito, opor-se ao tratamento, apresentar uma reclama\u00e7\u00e3o estabelecendo-se como a figura legal para a prote\u00e7\u00e3o de dados pessoais. Para exercer estes direitos, conforme previsto no Regulamento de refer\u00eancia, o interessado pode escrever para o seguinte endere\u00e7o de correio eletr\u00f3nico: <a href=\"mailto:info@gifted-project.com\">info@gifted-project.com<\/a>.<\/p>\n<p>&nbsp;<\/p>\n<p><strong>INFORMA\u00c7\u00d5ES SOBRE O USO DE COOKIES<\/strong><\/p>\n<p>Aos visitantes do site podem ser enviados alguns arquivos muito pequenos chamados &#8220;cookies&#8221;, para permitir a correta intera\u00e7\u00e3o com a funcionalidade do site. O uso dos chamados &#8220;cookies&#8221; \u00e9 um padr\u00e3o da ind\u00fastria, necess\u00e1rio para o bom funcionamento do site e a melhoria do mesmo. Os &#8220;Cookies&#8221; s\u00e3o armazenados no computador do utilizador e n\u00e3o neste Site. Durante a utiliza\u00e7\u00e3o do site, o utilizador poder\u00e1 receber cookies enviados por terceiros.<\/p>\n<p>Os cookies utilizados neste site ser\u00e3o utilizados para gerir as seguintes funcionalidades:<\/p>\n<ul>\n<li>memorizar as prefer\u00eancias inseridas<\/li>\n<li>analisar o uso dos servi\u00e7os prestados para otimizar a experi\u00eancia de navega\u00e7\u00e3o<\/li>\n<li>garantir a seguran\u00e7a e integridade do site<\/li>\n<\/ul>\n<p>&nbsp;<\/p>\n<p><strong>Caracter\u00edsticas e finalidades dos cookies<\/strong><\/p>\n<ul>\n<li>Cookies t\u00e9cnicos: s\u00e3o necess\u00e1rios para o bom funcionamento do site. Podem ser fornecidos por este dom\u00ednio ou por terceiros para fun\u00e7\u00f5es de integra\u00e7\u00e3o como redes sociais e afins.<\/li>\n<li>Cookies anal\u00edticos: s\u00e3o utilizados para a cria\u00e7\u00e3o de estat\u00edsticas an\u00f3nimas, monitoriza\u00e7\u00e3o do correto funcionamento do site e melhoria do mesmo. Estes tipos de cookies podem ser fornecidos por este dom\u00ednio ou por terceiros.<\/li>\n<\/ul>\n<p>&nbsp;<\/p>\n<p><strong>Tempos de conserva\u00e7\u00e3o dos dados<\/strong><\/p>\n<p>Os dados relativos aos cookies t\u00e9cnicos e anal\u00edticos ser\u00e3o mantidos por um per\u00edodo de 14 meses.<\/p>\n<p><strong>Desativa\u00e7\u00e3o de cookies<\/strong><\/p>\n<p>O utilizador pode decidir desativar a rece\u00e7\u00e3o de cookies alterando as configura\u00e7\u00f5es de seu browser, mas por favor tenha em aten\u00e7\u00e3o que esta opera\u00e7\u00e3o pode levar ao mau funcionamento dos servi\u00e7os oferecidos por este site. Como alternativa, recomendamos que ative o recurso &#8220;n\u00e3o rastrear&#8221; ou &#8220;navega\u00e7\u00e3o inc\u00f3gnita&#8221; ou &#8220;navega\u00e7\u00e3o an\u00f3nima&#8221; no seu browser. Abaixo est\u00e3o os links com instru\u00e7\u00f5es para desativar cookies para os browsers mais populares:<\/p>\n<ul>\n<li>Microsoft Internet Explorer (Link: http:\/\/windows.microsoft.com\/it-it\/windows7\/block-enable-or-allow-cookies)<\/li>\n<li>Google Chrome (https:\/\/support.google.com\/accounts\/answer\/61416?hl=it)<\/li>\n<li>Mozila Firefox (Mozila Firefox)<\/li>\n<li>Apple Safari(https:\/\/support.apple.com\/kb\/PH19214?locale=it_IT)<\/li>\n<li>Opera ( http:\/\/help.opera.com\/Windows\/10.00\/it\/cookies.html )<\/li>\n<\/ul>\n<p>&nbsp;<\/p>\n<p>&nbsp;<\/p>","protected":false},"excerpt":{"rendered":"<p>&nbsp; INFORMA\u00c7\u00d5ES RELATIVA AO TRATAMENTO DE DADOS PESSOAIS O respons\u00e1vel titular do tratamento de dados pessoais \u00e9 Noah Srl, via Enrica Malcovati 2, 27100 Pavia, NIF: 02733540187 email: admin@noahealth.it. O respons\u00e1vel pela gest\u00e3o da plataforma Gifted \u00e9 a Grifo Multimedia Srl com sede em Via G. Galilei, 15 \u2013 70037 Ruvo di Puglia (BA), e-mail: [&hellip;]<\/p>\n","protected":false},"author":1,"featured_media":0,"parent":0,"menu_order":0,"comment_status":"closed","ping_status":"open","template":"","meta":[],"acf":[],"_links":{"self":[{"href":"https:\/\/gifted-project.com\/pt\/wp-json\/wp\/v2\/pages\/3"}],"collection":[{"href":"https:\/\/gifted-project.com\/pt\/wp-json\/wp\/v2\/pages"}],"about":[{"href":"https:\/\/gifted-project.com\/pt\/wp-json\/wp\/v2\/types\/page"}],"author":[{"embeddable":true,"href":"https:\/\/gifted-project.com\/pt\/wp-json\/wp\/v2\/users\/1"}],"replies":[{"embeddable":true,"href":"https:\/\/gifted-project.com\/pt\/wp-json\/wp\/v2\/comments?post=3"}],"version-history":[{"count":17,"href":"https:\/\/gifted-project.com\/pt\/wp-json\/wp\/v2\/pages\/3\/revisions"}],"predecessor-version":[{"id":466,"href":"https:\/\/gifted-project.com\/pt\/wp-json\/wp\/v2\/pages\/3\/revisions\/466"}],"wp:attachment":[{"href":"https:\/\/gifted-project.com\/pt\/wp-json\/wp\/v2\/media?parent=3"}],"curies":[{"name":"wp","href":"https:\/\/api.w.org\/{rel}","templated":true}]}}