{"id":659,"date":"2024-10-29T12:08:08","date_gmt":"2024-10-29T11:08:08","guid":{"rendered":"https:\/\/gifted-project.com\/?page_id=659"},"modified":"2024-11-21T16:55:23","modified_gmt":"2024-11-21T15:55:23","slug":"manual","status":"publish","type":"page","link":"https:\/\/gifted-project.com\/hr\/manual\/","title":{"rendered":"Priru\u010dnik"},"content":{"rendered":"<!-- wp:paragraph -->\r\n<div style=\"padding: 16px;\">\r\n<div style=\"margin-bottom: 16px; padding: 12px; background-color: #ffffff; border: 1px solid #1058AF; border-radius: 8px;\">\r\n<p style=\"text-align: left;\">Dobrodo\u0161li na stranicu koja sadr\u017ei GIFTED priru\u010dnik za obuku koji je organizirao i izradio GIFTED konzorcij o metodologiji rada s darovitom djecom u razredu.<br \/>U nastavku mo\u017eete preuzeti verziju priru\u010dnika za obuku koja se sastoji od izvadaka iz razli\u010ditih poglavlja na svim jezicima projekta.<\/p>\r\n<p style=\"text-align: left;\">Za pristup cjelovitom priru\u010dniku za obuku, registrirajte se na <strong>GIFTED Online platformu za obuku <a href=\"https:\/\/gifted.grifomultimedia.eu\/\" target=\"_blank\">ovdje<\/a>.<\/strong><\/p>\r\n<\/div>\r\n<\/div>\r\n<style>\n    .wpdmdt-toolbar {\n        padding: 10px 10px 0 10px;\n    }\n    .wpdmdt-toolbarb {\n        padding: 5px 10px 10px;\n    }\n    .wpdmdt-toolbar > div {\n        display: inline-block;\n    }\n    table,td,th{\n        border: 0;\n    }\n    #wpdm-all-packages .card{\n        overflow: hidden;\n    }\n    .dataTables_wrapper .table{\n        margin: 0;\n    }\n    #wpdmmydls-5a905240a6aac1355ad70c9f43ea55f3{\n        border-bottom: 1px solid #dddddd;\n        border-top: 1px solid #dddddd;\n        font-size: 10pt;\n        min-width: 100%;\n    }\n    #wpdmmydls-5a905240a6aac1355ad70c9f43ea55f3 .wpdm-download-link img{\n        box-shadow: none !important;\n        max-width: 100%;\n    }\n    .w3eden .pagination{\n        margin: 0 !important;\n    }\n    #wpdmmydls-5a905240a6aac1355ad70c9f43ea55f3 td:not(:first-child){\n        vertical-align: middle !important;\n    }\n    #wpdmmydls-5a905240a6aac1355ad70c9f43ea55f3 td.__dt_col_download_link .btn{\n        display: block;\n        width: 100%;\n    }\n    #wpdmmydls-5a905240a6aac1355ad70c9f43ea55f3 td.__dt_col_download_link,\n    #wpdmmydls-5a905240a6aac1355ad70c9f43ea55f3 th#download_link{\n        max-width: 155px !important;\n        width: 155px;\n\n    }\n    #wpdmmydls-5a905240a6aac1355ad70c9f43ea55f3 th{\n        background-color: rgba(0,0,0,0.04);\n        border-bottom: 1px solid rgba(0,0,0,0.025);\n    }\n    #wpdmmydls-5a905240a6aac1355ad70c9f43ea55f3_length label,\n    #wpdmmydls-5a905240a6aac1355ad70c9f43ea55f3_filter label{\n        font-weight: 400;\n    }\n    #wpdmmydls-5a905240a6aac1355ad70c9f43ea55f3_filter input[type=search]{\n        display: inline-block;\n        width: 200px;\n    }\n    #wpdmmydls-5a905240a6aac1355ad70c9f43ea55f3_length select{\n        display: inline-block;\n        width: 60px;\n    }\n\n    #wpdmmydls-5a905240a6aac1355ad70c9f43ea55f3 .package-title{\n        color:#36597C;\n        font-size: 11pt;\n        font-weight: 700;\n    }\n    #wpdmmydls-5a905240a6aac1355ad70c9f43ea55f3 .small-txt{\n        margin-right: 7px;\n    }\n    #wpdmmydls-5a905240a6aac1355ad70c9f43ea55f3 td{\n        min-width: 150px;\n    }\n\n    #wpdmmydls-5a905240a6aac1355ad70c9f43ea55f3 td.__dt_col_categories{\n        max-width: 300px;\n    }\n\n    #wpdmmydls-5a905240a6aac1355ad70c9f43ea55f3 .small-txt,\n    #wpdmmydls-5a905240a6aac1355ad70c9f43ea55f3 small{\n        font-size: 9pt;\n    }\n    .w3eden .table-striped tbody tr:nth-of-type(2n+1) {\n        background-color: rgba(0,0,0,0.015);\n    }\n    .dataTables_wrapper .dataTables_paginate .paginate_button:active,\n    .dataTables_wrapper .dataTables_paginate .paginate_button:focus,\n    .dataTables_wrapper .dataTables_paginate .paginate_button:hover,\n    .dataTables_wrapper .dataTables_paginate .paginate_button{\n        margin: 0 !important;\n        padding: 0 !important;\n        border: 0 !important;\n        background: transparent !important;\n    }\n\n\n    @media (max-width: 799px) {\n        #wpdmmydls-5a905240a6aac1355ad70c9f43ea55f3 tr {\n            display: block;\n            border: 3px solid rgba(0,0,0,0.3) !important;\n            margin-bottom: 10px !important;\n            position: relative;\n        }\n        #wpdmmydls-5a905240a6aac1355ad70c9f43ea55f3 thead{\n            display: none;\n        }\n        #wpdmmydls-5a905240a6aac1355ad70c9f43ea55f3,\n        #wpdmmydls-5a905240a6aac1355ad70c9f43ea55f3 td:first-child {\n            border: 0 !important;\n        }\n        #wpdmmydls-5a905240a6aac1355ad70c9f43ea55f3 td {\n            display: block;\n        }\n        #wpdmmydls-5a905240a6aac1355ad70c9f43ea55f3 td.__dt_col_download_link {\n            display: block;\n            max-width: 100% !important;\n            width: auto !important;\n\n        }\n    }\n\n\n<\/style>\n<div class=\"w3eden\">\n    <div id=\"wpdm-all-packages\">\n        <table id=\"wpdmmydls-5a905240a6aac1355ad70c9f43ea55f3\" class=\"table table-striped wpdm-all-packages-table\">\n            <thead>\n            <tr>\n                                <th style=\"\"  id=\"title\" class=\"\">Titula<\/th>\n                                <th style=\"width: 200px !important;max-width: 200px !important;\"  id=\"downloadlink\" class=\"hidden-sm hidden-xs\">Otvori<\/th>\n                \n            <\/tr>\n            <\/thead>\n            <tbody>\n            \n                    <tr class=\"__dt_row\">\n                                                <td  class=\"__dt_col_0 __dt_col __dt_col_title\" style=\"background-image: url('https:\/\/cdn3.iconfinder.com\/data\/icons\/file-extension-names-vol-3-2\/512\/20-1024.png');background-size: 36px;background-position: 5px 8px;background-repeat:  no-repeat;padding-left: 52px;line-height: normal;\">\n                            <strong>GIFTED RU\u010cNI IZVOD &#8211; RUMUNJSKI<\/strong><br\/><div class=\"hidden-md hidden-lg td-mobile\"><\/div>\n\n                        <\/td>\n                                                <td  class=\"__dt_col_1 __dt_col __dt_col_download_link\" >\n                            <a class='wpdm-download-link download-on-click btn btn-primary ' rel='nofollow' href='#' data-downloadurl=\"https:\/\/gifted-project.com\/hr\/download\/gifted-training-manual-english-5\/?wpdmdl=678&refresh=69ee3013d5c2f1777217555\">Otvori<\/a>\n\n                        <\/td>\n                        \n                    <\/tr>\n                \n                    <tr class=\"__dt_row\">\n                                                <td  class=\"__dt_col_0 __dt_col __dt_col_title\" style=\"background-image: url('https:\/\/cdn3.iconfinder.com\/data\/icons\/file-extension-names-vol-3-2\/512\/20-1024.png');background-size: 36px;background-position: 5px 8px;background-repeat:  no-repeat;padding-left: 52px;line-height: normal;\">\n                            <strong>GIFTED RU\u010cNI IZVOD &#8211; ARAPSKI<\/strong><br\/><div class=\"hidden-md hidden-lg td-mobile\"><\/div>\n\n                        <\/td>\n                                                <td  class=\"__dt_col_1 __dt_col __dt_col_download_link\" >\n                            <a class='wpdm-download-link download-on-click btn btn-primary ' rel='nofollow' href='#' data-downloadurl=\"https:\/\/gifted-project.com\/hr\/download\/gifted-training-manual-english-4\/?wpdmdl=677&refresh=69ee3013d6a851777217555\">Otvori<\/a>\n\n                        <\/td>\n                        \n                    <\/tr>\n                \n                    <tr class=\"__dt_row\">\n                                                <td  class=\"__dt_col_0 __dt_col __dt_col_title\" style=\"background-image: url('https:\/\/cdn3.iconfinder.com\/data\/icons\/file-extension-names-vol-3-2\/512\/20-1024.png');background-size: 36px;background-position: 5px 8px;background-repeat:  no-repeat;padding-left: 52px;line-height: normal;\">\n                            <strong>GIFTED RU\u010cNI IZVOD &#8211; HRVATSKI<\/strong><br\/><div class=\"hidden-md hidden-lg td-mobile\"><\/div>\n\n                        <\/td>\n                                                <td  class=\"__dt_col_1 __dt_col __dt_col_download_link\" >\n                            <a class='wpdm-download-link download-on-click btn btn-primary ' rel='nofollow' href='#' data-downloadurl=\"https:\/\/gifted-project.com\/hr\/download\/gifted-training-manual-english-3\/?wpdmdl=676&refresh=69ee3013d78a81777217555\">Otvori<\/a>\n\n                        <\/td>\n                        \n                    <\/tr>\n                \n                    <tr class=\"__dt_row\">\n                                                <td  class=\"__dt_col_0 __dt_col __dt_col_title\" style=\"background-image: url('https:\/\/cdn3.iconfinder.com\/data\/icons\/file-extension-names-vol-3-2\/512\/20-1024.png');background-size: 36px;background-position: 5px 8px;background-repeat:  no-repeat;padding-left: 52px;line-height: normal;\">\n                            <strong>GIFTED RU\u010cNI IZVOD &#8211; PORTUGAL<\/strong><br\/><div class=\"hidden-md hidden-lg td-mobile\"><\/div>\n\n                        <\/td>\n                                                <td  class=\"__dt_col_1 __dt_col __dt_col_download_link\" >\n                            <a class='wpdm-download-link download-on-click btn btn-primary ' rel='nofollow' href='#' data-downloadurl=\"https:\/\/gifted-project.com\/hr\/download\/gifted-training-manual-english-2\/?wpdmdl=675&refresh=69ee3013d86b31777217555\">Otvori<\/a>\n\n                        <\/td>\n                        \n                    <\/tr>\n                \n                    <tr class=\"__dt_row\">\n                                                <td  class=\"__dt_col_0 __dt_col __dt_col_title\" style=\"background-image: url('https:\/\/cdn3.iconfinder.com\/data\/icons\/file-extension-names-vol-3-2\/512\/20-1024.png');background-size: 36px;background-position: 5px 8px;background-repeat:  no-repeat;padding-left: 52px;line-height: normal;\">\n                            <strong>GIFTED RU\u010cNI IZVOD &#8211; ITALIJANSKI<\/strong><br\/><div class=\"hidden-md hidden-lg td-mobile\"><\/div>\n\n                        <\/td>\n                                                <td  class=\"__dt_col_1 __dt_col __dt_col_download_link\" >\n                            <a class='wpdm-download-link download-on-click btn btn-primary ' rel='nofollow' href='#' data-downloadurl=\"https:\/\/gifted-project.com\/hr\/download\/gifted-training-manual-english\/?wpdmdl=674&refresh=69ee3013d94ab1777217555\">Otvori<\/a>\n\n                        <\/td>\n                        \n                    <\/tr>\n                \n                    <tr class=\"__dt_row\">\n                                                <td  class=\"__dt_col_0 __dt_col __dt_col_title\" style=\"background-image: url('https:\/\/cdn3.iconfinder.com\/data\/icons\/file-extension-names-vol-3-2\/512\/20-1024.png');background-size: 36px;background-position: 5px 8px;background-repeat:  no-repeat;padding-left: 52px;line-height: normal;\">\n                            <strong>GIFTED RU\u010cNI IZVOD &#8211; ENGLESKI<\/strong><br\/><div class=\"hidden-md hidden-lg td-mobile\"><\/div>\n\n                        <\/td>\n                                                <td  class=\"__dt_col_1 __dt_col __dt_col_download_link\" >\n                            <a class='wpdm-download-link download-on-click btn btn-primary ' rel='nofollow' href='#' data-downloadurl=\"https:\/\/gifted-project.com\/hr\/download\/test-item\/?wpdmdl=658&refresh=69ee3013da2d31777217555\">Otvori<\/a>\n\n                        <\/td>\n                        \n                    <\/tr>\n                                        <\/tbody>\n        <\/table>\n\n        <div class='text-center'><ul class='pagination wpdm-pagination pagination-centered text-center'><\/ul><\/div>\n    <\/div>\n<\/div>\n\r\n<p><!-- \/wp:paragraph --><\/p>\r\n<!-- \/wp:paragraph -->","protected":false},"excerpt":{"rendered":"<p>Dobrodo\u0161li na stranicu koja sadr\u017ei GIFTED priru\u010dnik za obuku koji je organizirao i izradio GIFTED konzorcij o metodologiji rada s darovitom djecom u razredu.U nastavku mo\u017eete preuzeti verziju priru\u010dnika za obuku koja se sastoji od izvadaka iz razli\u010ditih poglavlja na svim jezicima projekta. Za pristup cjelovitom priru\u010dniku za obuku, registrirajte se na GIFTED Online platformu [&hellip;]<\/p>\n","protected":false},"author":4,"featured_media":0,"parent":0,"menu_order":0,"comment_status":"closed","ping_status":"open","template":"","meta":[],"acf":[],"_links":{"self":[{"href":"https:\/\/gifted-project.com\/hr\/wp-json\/wp\/v2\/pages\/659"}],"collection":[{"href":"https:\/\/gifted-project.com\/hr\/wp-json\/wp\/v2\/pages"}],"about":[{"href":"https:\/\/gifted-project.com\/hr\/wp-json\/wp\/v2\/types\/page"}],"author":[{"embeddable":true,"href":"https:\/\/gifted-project.com\/hr\/wp-json\/wp\/v2\/users\/4"}],"replies":[{"embeddable":true,"href":"https:\/\/gifted-project.com\/hr\/wp-json\/wp\/v2\/comments?post=659"}],"version-history":[{"count":42,"href":"https:\/\/gifted-project.com\/hr\/wp-json\/wp\/v2\/pages\/659\/revisions"}],"predecessor-version":[{"id":777,"href":"https:\/\/gifted-project.com\/hr\/wp-json\/wp\/v2\/pages\/659\/revisions\/777"}],"wp:attachment":[{"href":"https:\/\/gifted-project.com\/hr\/wp-json\/wp\/v2\/media?parent=659"}],"curies":[{"name":"wp","href":"https:\/\/api.w.org\/{rel}","templated":true}]}}