{"id":3,"date":"2022-01-18T00:16:36","date_gmt":"2022-01-17T23:16:36","guid":{"rendered":"https:\/\/gifted-project.com\/?page_id=3"},"modified":"2022-09-30T14:40:32","modified_gmt":"2022-09-30T12:40:32","slug":"privacy-policy","status":"publish","type":"page","link":"https:\/\/gifted-project.com\/hr\/privacy-policy\/","title":{"rendered":"Privacy policy"},"content":{"rendered":"<p>&nbsp;<\/p>\n<p style=\"text-align: left;\"><strong>INFORMACIJE ZA OBRADU OSOBNIH PODATAKA<\/strong><\/p>\n<p>Vlasnik obrade osobnih podataka je Noah Srl, ulica Enrica Malcovati 2, 27100 Pavia, PDV broj: 02733540187 email: <a href=\"mailto:admin@noahealth.it\">admin@noahealth.it<\/a>. Voditelj obrade podataka za upravljanje Gifted platformom je Grifo Multimedia S.r.l. sa sjedi\u0161tem u ulici G. Galilei, 15 \u2013 70037 Ruvo di Puglia (BA), e-po\u0161ta: <a href=\"mailto:comunicazione@grifomultimedia.it\">comunicazione@grifomultimedia.it<\/a>.<\/p>\n<p>&nbsp;<\/p>\n<p><strong>SVRHA I PRAVNI TEMELJI OBRADE<\/strong><\/p>\n<p>Osobni podaci obra\u0111uju se u sljede\u0107e svrhe:<\/p>\n<p>&#8211; registracija i kori\u0161tenje Gifted platforme.<\/p>\n<p>&#8211; pravni temelj obrade je izvr\u0161enje ugovora \u010dija je stranka zainteresirana strana sukladno \u010dlanku 6. stavak 1. to\u010dka b) Uredbe EU 679\/2016; Otkriti iskustvo kori\u0161tenja ponu\u0111enih platformi i usluga kako bi se osiguralo ispravno funkcioniranje web stranica i njihovog sadr\u017eaja<\/p>\n<p>&#8211; pravni temelj obrade je ostvarivanje legitimnog interesa voditelja obrade sukladno \u010dlanku 6. stavak 1. to\u010dka \u00a0\u00a0\u00a0f) Uredbe EU 679\/2016;<\/p>\n<p>&#8211; \u0160aljite sve biltene koji se odnose na usluge, doga\u0111aje i novosti u vezi s aktivnostima koje promovira Gifted<\/p>\n<p>&#8211; pravni temelj obrade je izri\u010diti pristanak zainteresirane strane temeljem \u010dlanka 6. stavka 1. to\u010dke a) Uredbe EU 679\/2016. Zainteresirana strana \u0107e u bilo kojem trenutku imati mogu\u0107nost usprotiviti se slanju takve komunikacije.<\/p>\n<p>&nbsp;<\/p>\n<p><strong>PRIMATELJI PODATAKA<\/strong><\/p>\n<p>U svrhu ostvarenja opisanih svrha, Voditelj obrade zadr\u017eava pravo priop\u0107iti podatke tre\u0107im stranama u slu\u010daju da je to predvi\u0111eno nacionalnim pravom ili pravom Europske unije, na primjer:<\/p>\n<p>&#8211; Obra\u0111iva\u010di podataka (uklju\u010duju\u0107i Grifo Multimedia S.r.l za upravljanje platformom Gifted);<\/p>\n<p>&#8211; Nadzorna tijela i, op\u0107enito, javni ili privatni subjekti, s funkcijama od javnog zna\u010daja;<\/p>\n<p>&#8211; Profesionalne tvrtke ili tvrtke u kontekstu odnosa pomo\u0107i i savjetovanja;<\/p>\n<p><strong>&#8211; <\/strong>Subjekti koji provode kontrolu, reviziju i certifikaciju aktivnosti koje provodi Voditelj obrade. Osobni podaci koje zainteresirana strana dostavi ne\u0107e biti proslije\u0111eni.<\/p>\n<p><strong>\u00a0<\/strong><\/p>\n<p><strong>RAZDOBLJE ZADR\u017dAVANJA PODATAKA<\/strong><\/p>\n<p>Osobni podaci \u0107e se \u010duvati onoliko vremena koliko je potrebno za postizanje svrhe za koju se prikupljaju i obra\u0111uju ili dok se ne zatra\u017ei njihovo brisanje.<\/p>\n<p>Podaci koje zainteresirana strana dostavi, a odnose se na ugovornu svrhu, obra\u0111ivati \u200b\u200b\u0107e se za cijelo vrijeme trajanja postoje\u0107eg ugovornog odnosa te dalje \u010duvati isklju\u010divo za razdoblje predvi\u0111eno za ispunjenje zakonskih obveza, uz uvjet da ih nije potrebno \u010duvati dalje radi utvr\u0111ivanja, ostvarivanja ili obrane prava na sudu.<\/p>\n<p>Podaci koji se odnose na komercijalne komunikacije \u010duvat \u0107e se najdulje 24 mjeseca od njihove registracije.<\/p>\n<p>&nbsp;<\/p>\n<p><strong>PRAVA ZAINTERESIRANE STRANE<\/strong><\/p>\n<p>Zainteresirana strana ima pravo u svakom trenutku opozvati danu privolu, ne dovode\u0107i u pitanje zakonitost obrade temeljem privole dane prije opoziva, pristup osobnim podacima, ishoditi njihov ispravak ili poni\u0161tenje, ograni\u010denje obrade osobnih podataka koji se na njega odnose, usprotiviti se obradi, podnijeti prigovor jamcu radi za\u0161tite osobnih podataka<\/p>\n<p>Za ostvarivanje ovih prava, sukladno referentnom Pravilniku, zainteresirana strana mo\u017ee pisati na sljede\u0107u e-mail adresu: <a href=\"mailto:info@gifted-project.com\">info@gifted-project.com<\/a>.<\/p>\n<p>&nbsp;<\/p>\n<p><strong>INFORMACIJE O UPOTREBI KOLA\u010cI\u0106A<\/strong><\/p>\n<p>Posjetiteljima stranice mogu biti poslane neke vrlo male datoteke koje se nazivaju &#8220;kola\u010di\u0107i&#8221;, kako bi se omogu\u0107ila ispravna interakcija s funkcionalnostima stranice.<\/p>\n<p>Kori\u0161tenje takozvanih &#8220;kola\u010di\u0107a&#8221; je industrijski standard, neophodan za pravilno funkcioniranje stranice i pobolj\u0161anje iste. &#8220;Kola\u010di\u0107i&#8221; se pohranjuju na ra\u010dunalu korisnika, a ne na ovoj stranici.<\/p>\n<p>Tijekom kori\u0161tenja stranice, korisnik mo\u017ee primiti kola\u010di\u0107e koje \u0161alju tre\u0107e strane.<\/p>\n<p>Kola\u010di\u0107i koji se koriste na ovoj stranici koristit \u0107e se za upravljanje sljede\u0107im zna\u010dajkama:<\/p>\n<ul>\n<li>zapamtiti unesene postavke<\/li>\n<li>analizirati kori\u0161tenje pru\u017eenih usluga za optimizaciju iskustva pregledavanja<\/li>\n<li>jam\u010diti sigurnost i integritet stranice<\/li>\n<\/ul>\n<p>&nbsp;<\/p>\n<p><strong>Karakteristike i namjene kola\u010di\u0107a<\/strong><\/p>\n<ul>\n<li>Tehni\u010dki kola\u010di\u0107i: nu\u017eni su za ispravno funkcioniranje stranice. Mo\u017ee ih osigurati ova domena ili tre\u0107e strane za funkcije integracije s dru\u0161tvenim mre\u017eama i sli\u010dno.<\/li>\n<li>Analiti\u010dki kola\u010di\u0107i: koriste se za izradu anonimne statistike, pra\u0107enje ispravnog rada stranice i pobolj\u0161anje iste. Ove vrste kola\u010di\u0107a mogu biti osigurane od strane ove domene ili tre\u0107ih strana.<\/li>\n<\/ul>\n<p>&nbsp;<\/p>\n<p><strong>Vrijeme zadr\u017eavanja podataka<\/strong><\/p>\n<p>Podaci koji se odnose na tehni\u010dke i analiti\u010dke kola\u010di\u0107e \u010duvat \u0107e se 14 mjeseci.<\/p>\n<p><em>\u00a0<\/em><\/p>\n<p><strong>Onemogu\u0107avanje kola\u010di\u0107a<\/strong><\/p>\n<p>Korisnik mo\u017ee odlu\u010diti onemogu\u0107iti primanje kola\u010di\u0107a promjenom postavki svog preglednika, ali imajte na umu da ova operacija mo\u017ee dovesti do kvara usluga koje nudi ova stranica.<\/p>\n<p>Umjesto toga, preporu\u010dujemo da omogu\u0107ite zna\u010dajku &#8220;ne prati&#8221; ili &#8220;anonimno pregledavanje&#8221; u svom pregledniku. U nastavku se nalaze poveznice na upute za onemogu\u0107avanje kola\u010di\u0107a za najpopularnije preglednike:<\/p>\n<ul>\n<li>Microsoft Internet Explorer (Link: http:\/\/windows.microsoft.com\/it-it\/windows7\/block-enable-or-allow-cookies)<\/li>\n<li>Google Chrome (https:\/\/support.google.com\/accounts\/answer\/61416?hl=it)<\/li>\n<li>Mozilla Firefox (Mozilla Firefox)<\/li>\n<li>Apple Safari(https:\/\/support.apple.com\/kb\/PH19214?locale=it_IT)<\/li>\n<li>Opera (http:\/\/help.opera.com\/Windows\/10.00\/it\/cookies.html)<\/li>\n<\/ul>\n<p><\/p>","protected":false},"excerpt":{"rendered":"<p>&nbsp; INFORMACIJE ZA OBRADU OSOBNIH PODATAKA Vlasnik obrade osobnih podataka je Noah Srl, ulica Enrica Malcovati 2, 27100 Pavia, PDV broj: 02733540187 email: admin@noahealth.it. Voditelj obrade podataka za upravljanje Gifted platformom je Grifo Multimedia S.r.l. sa sjedi\u0161tem u ulici G. Galilei, 15 \u2013 70037 Ruvo di Puglia (BA), e-po\u0161ta: comunicazione@grifomultimedia.it. &nbsp; SVRHA I PRAVNI TEMELJI [&hellip;]<\/p>\n","protected":false},"author":1,"featured_media":0,"parent":0,"menu_order":0,"comment_status":"closed","ping_status":"open","template":"","meta":[],"acf":[],"_links":{"self":[{"href":"https:\/\/gifted-project.com\/hr\/wp-json\/wp\/v2\/pages\/3"}],"collection":[{"href":"https:\/\/gifted-project.com\/hr\/wp-json\/wp\/v2\/pages"}],"about":[{"href":"https:\/\/gifted-project.com\/hr\/wp-json\/wp\/v2\/types\/page"}],"author":[{"embeddable":true,"href":"https:\/\/gifted-project.com\/hr\/wp-json\/wp\/v2\/users\/1"}],"replies":[{"embeddable":true,"href":"https:\/\/gifted-project.com\/hr\/wp-json\/wp\/v2\/comments?post=3"}],"version-history":[{"count":17,"href":"https:\/\/gifted-project.com\/hr\/wp-json\/wp\/v2\/pages\/3\/revisions"}],"predecessor-version":[{"id":466,"href":"https:\/\/gifted-project.com\/hr\/wp-json\/wp\/v2\/pages\/3\/revisions\/466"}],"wp:attachment":[{"href":"https:\/\/gifted-project.com\/hr\/wp-json\/wp\/v2\/media?parent=3"}],"curies":[{"name":"wp","href":"https:\/\/api.w.org\/{rel}","templated":true}]}}